{"id":7071,"date":"2020-03-12T18:35:31","date_gmt":"2020-03-12T18:35:31","guid":{"rendered":"http:\/\/susanagonzalezrevilla.com\/?page_id=7071"},"modified":"2025-07-16T14:18:41","modified_gmt":"2025-07-16T14:18:41","slug":"acerca-de","status":"publish","type":"page","link":"https:\/\/susanagonzalezrevilla.com\/es\/acerca-de\/","title":{"rendered":"Acerca de"},"content":{"rendered":"<div class=\"wpb-content-wrapper\"><p>[vc_row kswr_row_top_decor_enabled=\u00bbfalse\u00bb kswr_row_bottom_decor_enabled=\u00bbfalse\u00bb][vc_column][vc_empty_space height=\u00bb50px\u00bb][\/vc_column][\/vc_row][vc_row equal_height=\u00bbyes\u00bb kswr_row_top_decor_enabled=\u00bbfalse\u00bb kswr_row_bottom_decor_enabled=\u00bbfalse\u00bb][vc_column mobile_mb=\u00bbmargin-xs-20b\u00bb offset=\u00bbvc_col-lg-5 vc_col-md-6 vc_col-sm-offset-0 vc_col-xs-offset-1 vc_col-xs-10&#8243; css=\u00bb.vc_custom_1585265203764{margin-bottom: 0px !important;}\u00bb][vc_single_image image=\u00bb10058&#8243; img_size=\u00bblarge\u00bb alignment=\u00bbcenter\u00bb css=\u00bb.vc_custom_1729635914970{margin-bottom: 0px !important;}\u00bb][vc_empty_space height=\u00bb10px\u00bb][\/vc_column][vc_column mobile_mt=\u00bbmargin-xs-25t\u00bb mobile_mb=\u00bbmargin-xs-25b\u00bb offset=\u00bbvc_col-lg-7 vc_col-md-6 vc_col-xs-12&#8243;][whizz_custom_text_block btn_text=\u00bbCV\u00bb btn_url=\u00bbhttps:\/\/susanagonzalezrevilla.com\/wp-content\/uploads\/2024\/10\/CV-SGR2024.pdf\u00bb target=\u00bbyes\u00bb]<\/p>\n<p style=\"text-align: justify;\">Naci\u00f3 en la Ciudad de Panam\u00e1 en 1982, donde actualmente reside y trabaja. Desde muy joven viaj\u00f3 a distintas ciudades como Melbourne, Bonn, Florencia, Nueva York, entre otras y comenz\u00f3 a desarrollar su experiencia art\u00edstica a trav\u00e9s del performance, el arte conceptual, la instalaci\u00f3n, el video y la pintura. En un primer momento de su carrera, Susana estuvo motivada por la reflexi\u00f3n sobre la meditaci\u00f3n y la inmediatez de la reacci\u00f3n del espectador. Investiga a partir de inquietudes personales. Reflexiona sobre temas como la agresi\u00f3n, el miedo y el quebranto de tab\u00faes. La lucha por la libertad puede observarse en varias de sus obras con apoyo de la psicolog\u00eda. En a\u00f1os recientes, mediante el performance y la instalaci\u00f3n, Gonzalez-Revilla denuncia la violencia contra la mujer, el abuso infantil, la corrupci\u00f3n y otros males sociales. Es en la pintura donde encuentra su refugio, pero su obra no deja de ser inquieta y pol\u00edtica.<\/p>\n<p>[\/whizz_custom_text_block][\/vc_column][\/vc_row][vc_row][vc_column][vc_empty_space][\/vc_column][\/vc_row]<\/p>\n<\/div>","protected":false},"excerpt":{"rendered":"<p>[vc_row kswr_row_top_decor_enabled=\u00bbfalse\u00bb kswr_row_bottom_decor_enabled=\u00bbfalse\u00bb][vc_column][vc_empty_space height=\u00bb50px\u00bb][\/vc_column][\/vc_row][vc_row equal_height=\u00bbyes\u00bb kswr_row_top_decor_enabled=\u00bbfalse\u00bb kswr_row_bottom_decor_enabled=\u00bbfalse\u00bb][vc_column mobile_mb=\u00bbmargin-xs-20b\u00bb offset=\u00bbvc_col-lg-5 vc_col-md-6 vc_col-sm-offset-0 vc_col-xs-offset-1 vc_col-xs-10&#8243; css=\u00bb.vc_custom_1585265203764{margin-bottom: 0px !important;}\u00bb][vc_single_image image=\u00bb10058&#8243; img_size=\u00bblarge\u00bb alignment=\u00bbcenter\u00bb css=\u00bb.vc_custom_1729635914970{margin-bottom: 0px !important;}\u00bb][vc_empty_space height=\u00bb10px\u00bb][\/vc_column][vc_column mobile_mt=\u00bbmargin-xs-25t\u00bb mobile_mb=\u00bbmargin-xs-25b\u00bb offset=\u00bbvc_col-lg-7 vc_col-md-6 vc_col-xs-12&#8243;][whizz_custom_text_block btn_text=\u00bbCV\u00bb btn_url=\u00bbhttps:\/\/susanagonzalezrevilla.com\/wp-content\/uploads\/2024\/10\/CV-SGR2024.pdf\u00bb target=\u00bbyes\u00bb] Naci\u00f3 en la Ciudad de Panam\u00e1 en 1982, donde actualmente reside y trabaja. Desde muy joven viaj\u00f3 a distintas ciudades como Melbourne, Bonn, Florencia, &#8230;<\/p>\n","protected":false},"author":1,"featured_media":0,"parent":0,"menu_order":0,"comment_status":"closed","ping_status":"closed","template":"","meta":{"footnotes":""},"class_list":["post-7071","page","type-page","status-publish","hentry"],"featured_image_src":null,"featured_image_src_square":null,"_links":{"self":[{"href":"https:\/\/susanagonzalezrevilla.com\/es\/wp-json\/wp\/v2\/pages\/7071","targetHints":{"allow":["GET"]}}],"collection":[{"href":"https:\/\/susanagonzalezrevilla.com\/es\/wp-json\/wp\/v2\/pages"}],"about":[{"href":"https:\/\/susanagonzalezrevilla.com\/es\/wp-json\/wp\/v2\/types\/page"}],"author":[{"embeddable":true,"href":"https:\/\/susanagonzalezrevilla.com\/es\/wp-json\/wp\/v2\/users\/1"}],"replies":[{"embeddable":true,"href":"https:\/\/susanagonzalezrevilla.com\/es\/wp-json\/wp\/v2\/comments?post=7071"}],"version-history":[{"count":92,"href":"https:\/\/susanagonzalezrevilla.com\/es\/wp-json\/wp\/v2\/pages\/7071\/revisions"}],"predecessor-version":[{"id":10298,"href":"https:\/\/susanagonzalezrevilla.com\/es\/wp-json\/wp\/v2\/pages\/7071\/revisions\/10298"}],"wp:attachment":[{"href":"https:\/\/susanagonzalezrevilla.com\/es\/wp-json\/wp\/v2\/media?parent=7071"}],"curies":[{"name":"wp","href":"https:\/\/api.w.org\/{rel}","templated":true}]}}