{"id":7075,"date":"2020-03-12T18:36:36","date_gmt":"2020-03-12T18:36:36","guid":{"rendered":"http:\/\/susanagonzalezrevilla.com\/?page_id=7075"},"modified":"2026-01-15T05:33:54","modified_gmt":"2026-01-15T05:33:54","slug":"prensa","status":"publish","type":"page","link":"https:\/\/susanagonzalezrevilla.com\/es\/prensa\/","title":{"rendered":"Prensa"},"content":{"rendered":"<div class=\"wpb-content-wrapper\"><p>[vc_row][vc_column][vc_empty_space height=\u00bb50px\u00bb][\/vc_column][\/vc_row][vc_row kswr_row_top_decor_enabled=\u00bbfalse\u00bb kswr_row_bottom_decor_enabled=\u00bbfalse\u00bb][vc_column width=\u00bb1\/4&#8243;][vc_separator][whizz_custom_text_block style=\u00bbstyle2&#8243; position=\u00bbtext-left\u00bb size=\u00bbh4&#8243; btn_text=\u00bbVer Video\u00bb btn_url=\u00bbhttps:\/\/susanagonzalezrevilla.com\/wp-content\/uploads\/2026\/01\/Video-2025-12-02-At-10.23.53-Am-2.mp4&#8243; target=\u00bbyes\u00bb]<\/p>\n<h5>2 de Diciembre del 2025<\/h5>\n<h4>Susana Gonz\u00e1lez, Exposiciones a nivel Internacional<\/h4>\n<p>[\/whizz_custom_text_block][\/vc_column][vc_column width=\u00bb1\/4&#8243; mobile_mt=\u00bbmargin-xs-25t\u00bb mobile_mb=\u00bbmargin-xs-25b\u00bb][vc_separator][whizz_custom_text_block style=\u00bbstyle2&#8243; position=\u00bbtext-left\u00bb size=\u00bbh4&#8243; btn_text=\u00bbVer Art\u00edculo\u00bb btn_url=\u00bbhttps:\/\/susanagonzalezrevilla.com\/wp-content\/uploads\/2026\/01\/06Noviembre2025_LaEstrelladePanama_UnaOdaArtistica.pdf\u00bb target=\u00bbyes\u00bb]<\/p>\n<h5>6 de Noviembre del 2025<\/h5>\n<h4>Una oda art\u00edstica a la autoaceptaci\u00f3n<\/h4>\n<p>[\/whizz_custom_text_block][\/vc_column][vc_column width=\u00bb1\/4&#8243; mobile_mt=\u00bbmargin-xs-25t\u00bb mobile_mb=\u00bbmargin-xs-25b\u00bb][vc_separator][whizz_custom_text_block style=\u00bbstyle2&#8243; position=\u00bbtext-left\u00bb size=\u00bbh4&#8243; btn_text=\u00bbVer art\u00edculo\u00bb btn_url=\u00bbhttps:\/\/susanagonzalezrevilla.com\/wp-content\/uploads\/2026\/01\/Octubre2025_Artcronica_ExpoNewYork.pdf\u00bb target=\u00bbyes\u00bb]<\/p>\n<h5>Octubre del 2025<\/h5>\n<h4>Susana Gonz\u00e1lez-Revilla. Panam\u00e1<\/h4>\n<p>[\/whizz_custom_text_block][\/vc_column][vc_column width=\u00bb1\/4&#8243; mobile_mt=\u00bbmargin-xs-25t\u00bb][vc_separator][whizz_custom_text_block style=\u00bbstyle2&#8243; position=\u00bbtext-left\u00bb size=\u00bbh4&#8243; btn_text=\u00bbVer Art\u00edculo\u00bb btn_url=\u00bbhttps:\/\/susanagonzalezrevilla.com\/wp-content\/uploads\/2026\/01\/25Octubre2025_ArteInformado_ExposicionArteNYC.pdf\u00bb target=\u00bbyes\u00bb]<\/p>\n<h5>3 de Octubre del 2025<\/h5>\n<h4>Susana Gonzalez-Revilla &#8216;Donde yace la posibilidad&#8217;<\/h4>\n<p>[\/whizz_custom_text_block][\/vc_column][\/vc_row][vc_row desctop_mt=\u00bbmargin-lg-25t\u00bb kswr_row_top_decor_enabled=\u00bbfalse\u00bb kswr_row_bottom_decor_enabled=\u00bbfalse\u00bb][vc_column width=\u00bb1\/4&#8243;][vc_separator][whizz_custom_text_block style=\u00bbstyle2&#8243; position=\u00bbtext-left\u00bb size=\u00bbh4&#8243; btn_text=\u00bbVer Art\u00edculo\u00bb btn_url=\u00bbhttps:\/\/susanagonzalezrevilla.com\/wp-content\/uploads\/2026\/01\/29Septiembre2025_CorreoCultural_LaAbstraccioncomoExperiencia.pdf\u00bb target=\u00bbyes\u00bb]<\/p>\n<h5>29 de Septiembre del 2025<\/h5>\n<h4>Susana Gonz\u00e1lez-Revilla: La abstracci\u00f3n como experiencia<\/h4>\n<p>[\/whizz_custom_text_block][\/vc_column][vc_column width=\u00bb1\/4&#8243; mobile_mt=\u00bbmargin-xs-25t\u00bb mobile_mb=\u00bbmargin-xs-25b\u00bb][vc_separator][whizz_custom_text_block style=\u00bbstyle2&#8243; position=\u00bbtext-left\u00bb size=\u00bbh4&#8243; btn_text=\u00bbVer Art\u00edculo\u00bb btn_url=\u00bbhttps:\/\/susanagonzalezrevilla.com\/wp-content\/uploads\/2026\/01\/9Diciembre2022_EntrevistaSusanaGonzalez_ODAC.pdf\u00bb target=\u00bbyes\u00bb]<\/p>\n<h5>13 de Diciembre del 2022<\/h5>\n<h4>Entrevista a la artista Susana G\u00f3nzalez-Revilla<\/h4>\n<p>[\/whizz_custom_text_block][\/vc_column][vc_column width=\u00bb1\/4&#8243; mobile_mt=\u00bbmargin-xs-25t\u00bb mobile_mb=\u00bbmargin-xs-25b\u00bb][vc_separator][whizz_custom_text_block style=\u00bbstyle2&#8243; position=\u00bbtext-left\u00bb size=\u00bbh4&#8243; btn_text=\u00bbVer Video\u00bb btn_url=\u00bbhttps:\/\/susanagonzalezrevilla.com\/wp-content\/uploads\/2026\/01\/30Noviembre2022-Agendamxtv-2.mp4&#8243; target=\u00bbyes\u00bb]<\/p>\n<h5>30 de Noviembre del 2022<\/h5>\n<h4>Charla con Susana Gonz\u00e1lez, artista visual<\/h4>\n<p>[\/whizz_custom_text_block][\/vc_column][vc_column width=\u00bb1\/4&#8243; mobile_mt=\u00bbmargin-xs-25t\u00bb][vc_separator][whizz_custom_text_block style=\u00bbstyle2&#8243; position=\u00bbtext-left\u00bb size=\u00bbh4&#8243; btn_text=\u00bbVer Video\u00bb btn_url=\u00bbhttps:\/\/susanagonzalezrevilla.com\/wp-content\/uploads\/2020\/04\/223b39b1-e3cd-47a2-850c-a24836912269.mp4&#8243; target=\u00bbyes\u00bb]<\/p>\n<h5>7 de Abril del 2020<\/h5>\n<h4>Susana Gonzalez-Revilla &#8216;Entre nos&#8217;<\/h4>\n<p>[\/whizz_custom_text_block][\/vc_column][\/vc_row][vc_row desctop_mt=\u00bbmargin-lg-25t\u00bb mobile_mt=\u00bbmargin-xs-40t\u00bb kswr_row_top_decor_enabled=\u00bbfalse\u00bb kswr_row_bottom_decor_enabled=\u00bbfalse\u00bb][vc_column width=\u00bb1\/4&#8243; mobile_mt=\u00bbmargin-xs-25t\u00bb mobile_mb=\u00bbmargin-xs-25b\u00bb][vc_separator][whizz_custom_text_block style=\u00bbstyle2&#8243; position=\u00bbtext-left\u00bb size=\u00bbh4&#8243; btn_text=\u00bbVer art\u00edculo\u00bb btn_url=\u00bbhttps:\/\/susanagonzalezrevilla.com\/wp-content\/uploads\/2026\/01\/22Diciembre2019_LaEstrelladePanama_El-20-y-su-Contexto.pdf\u00bb target=\u00bbyes\u00bb]<\/p>\n<h5>22 de Diciembre del 2019<\/h5>\n<h4>\u2018El 20 y su contexto\u2019 arte para conocer y dialogar sobre los hechos de 1989<\/h4>\n<p>[\/whizz_custom_text_block][\/vc_column][vc_column width=\u00bb1\/4&#8243; mobile_mt=\u00bbmargin-xs-25t\u00bb mobile_mb=\u00bbmargin-xs-25b\u00bb][vc_separator][whizz_custom_text_block style=\u00bbstyle2&#8243; position=\u00bbtext-left\u00bb size=\u00bbh4&#8243; btn_text=\u00bbVer art\u00edculo\u00bb btn_url=\u00bbhttps:\/\/susanagonzalezrevilla.com\/wp-content\/uploads\/2026\/01\/Press-Release-Evento-Natuzzi-NOV-2019.pdf\u00bb target=\u00bbyes\u00bb]<\/p>\n<h5>3 de Diciembre del 2019<\/h5>\n<h4>Panam\u00e1 Art Fest<\/h4>\n<p>[\/whizz_custom_text_block][\/vc_column][vc_column width=\u00bb1\/4&#8243; mobile_mt=\u00bbmargin-xs-25t\u00bb mobile_mb=\u00bbmargin-xs-25b\u00bb][vc_separator][whizz_custom_text_block style=\u00bbstyle2&#8243; position=\u00bbtext-left\u00bb size=\u00bbh4&#8243; btn_text=\u00bbVer art\u00edculo\u00bb btn_url=\u00bbhttps:\/\/susanagonzalezrevilla.com\/wp-content\/uploads\/2026\/01\/12Octubre2019_ElSiglo_ExhibicionIdentidadItinerante.pdf\u00bb target=\u00bbyes\u00bb]<\/p>\n<h5>12 de Octubre del 2019<\/h5>\n<h4>Contar\u00e1n la historia a trav\u00e9s de la exposici\u00f3n<\/h4>\n<p>[\/whizz_custom_text_block][\/vc_column][vc_column width=\u00bb1\/4&#8243; mobile_mt=\u00bbmargin-xs-25t\u00bb mobile_mb=\u00bbmargin-xs-25b\u00bb][vc_separator][whizz_custom_text_block style=\u00bbstyle2&#8243; position=\u00bbtext-left\u00bb size=\u00bbh4&#8243; btn_text=\u00bbVer Video\u00bb btn_url=\u00bbhttps:\/\/susanagonzalezrevilla.com\/wp-content\/uploads\/2026\/01\/11Octubre2019_EntrevistaNexNoticiasPanama.mp4&#8243; target=\u00bbyes\u00bb]<\/p>\n<h5>11 de Octubre del 2019<\/h5>\n<h4>Nex Noticias Panam\u00e1- Entrevista al pintor Aristides&#8230;<\/h4>\n<p>[\/whizz_custom_text_block][\/vc_column][\/vc_row][vc_row desctop_mt=\u00bbmargin-lg-25t\u00bb mobile_mt=\u00bbmargin-xs-40t\u00bb kswr_row_top_decor_enabled=\u00bbfalse\u00bb kswr_row_bottom_decor_enabled=\u00bbfalse\u00bb][vc_column width=\u00bb1\/4&#8243; mobile_mt=\u00bbmargin-xs-25t\u00bb mobile_mb=\u00bbmargin-xs-25b\u00bb][vc_separator][whizz_custom_text_block style=\u00bbstyle2&#8243; position=\u00bbtext-left\u00bb size=\u00bbh4&#8243; btn_text=\u00bbVer video\u00bb btn_url=\u00bbhttps:\/\/www.youtube.com\/watch?v=PQRgvl6lzQM\u00bb target=\u00bbyes\u00bb]<\/p>\n<h5>28 de Septiembre del 2019<\/h5>\n<h4>Susana Gonz\u00e1lez-Revilla. 500 veces por 500 a\u00f1os.<\/h4>\n<p>[\/whizz_custom_text_block][\/vc_column][vc_column width=\u00bb1\/4&#8243; mobile_mt=\u00bbmargin-xs-25t\u00bb mobile_mb=\u00bbmargin-xs-25b\u00bb][vc_separator][whizz_custom_text_block style=\u00bbstyle2&#8243; position=\u00bbtext-left\u00bb size=\u00bbh4&#8243; btn_text=\u00bbVer Video\u00bb btn_url=\u00bbhttps:\/\/susanagonzalezrevilla.com\/wp-content\/uploads\/2026\/01\/15Agosto2019-Performance.mp4&#8243; target=\u00bbyes\u00bb]<\/p>\n<h5>15 de Agosto del 2019<\/h5>\n<h4>La artista Susana Gonz\u00e1lez &#8211; Revilla, hace un&#8230;<\/h4>\n<p>[\/whizz_custom_text_block][\/vc_column][vc_column width=\u00bb1\/4&#8243; mobile_mt=\u00bbmargin-xs-25t\u00bb mobile_mb=\u00bbmargin-xs-25b\u00bb][vc_separator][whizz_custom_text_block style=\u00bbstyle2&#8243; position=\u00bbtext-left\u00bb size=\u00bbh4&#8243; btn_text=\u00bbVer art\u00edculo\u00bb btn_url=\u00bbhttps:\/\/susanagonzalezrevilla.com\/wp-content\/uploads\/2026\/01\/15Julio2019_LaEstrelladePanama_AlUmbraldeNuevasLuces.pdf\u00bb target=\u00bbyes\u00bb]<\/p>\n<h5>15 de Julio del 2019<\/h5>\n<h4>Al umbral de nuevas luces<\/h4>\n<p>[\/whizz_custom_text_block][\/vc_column][vc_column width=\u00bb1\/4&#8243; mobile_mt=\u00bbmargin-xs-25t\u00bb mobile_mb=\u00bbmargin-xs-25b\u00bb][vc_separator][whizz_custom_text_block style=\u00bbstyle2&#8243; position=\u00bbtext-left\u00bb size=\u00bbh4&#8243; btn_text=\u00bbVer art\u00edculo\u00bb btn_url=\u00bbhttps:\/\/susanagonzalezrevilla.com\/wp-content\/uploads\/2026\/01\/15Julio2019_LaEstrelladePanama_UnaArtistaConManosDesobedientes.pdf\u00bb target=\u00bbyes\u00bb]<\/p>\n<h5>15 de Julio del 2019<\/h5>\n<h4>Una artista con manos desobedientes<\/h4>\n<p>[\/whizz_custom_text_block][\/vc_column][\/vc_row][vc_row desctop_mt=\u00bbmargin-lg-25t\u00bb mobile_mt=\u00bbmargin-xs-40t\u00bb kswr_row_top_decor_enabled=\u00bbfalse\u00bb kswr_row_bottom_decor_enabled=\u00bbfalse\u00bb][vc_column width=\u00bb1\/4&#8243; mobile_mt=\u00bbmargin-xs-25t\u00bb mobile_mb=\u00bbmargin-xs-25b\u00bb][vc_separator][whizz_custom_text_block style=\u00bbstyle2&#8243; position=\u00bbtext-left\u00bb size=\u00bbh4&#8243; btn_text=\u00bbVer art\u00edculo\u00bb btn_url=\u00bbhttps:\/\/susanagonzalezrevilla.com\/wp-content\/uploads\/2026\/01\/17Mayo2018_JUEGO-CON-LOS-COLORES.pdf\u00bb target=\u00bbyes\u00bb]<\/p>\n<h5>17 de Mayo del 2018<\/h5>\n<h4>Juego con los colores. Una conversaci\u00f3n entre el tono,&#8230;<\/h4>\n<p>[\/whizz_custom_text_block][\/vc_column][vc_column width=\u00bb1\/4&#8243; mobile_mt=\u00bbmargin-xs-25t\u00bb mobile_mb=\u00bbmargin-xs-25b\u00bb][vc_separator][whizz_custom_text_block style=\u00bbstyle2&#8243; position=\u00bbtext-left\u00bb size=\u00bbh4&#8243; btn_text=\u00bbVer art\u00edculo\u00bb btn_url=\u00bbhttps:\/\/susanagonzalezrevilla.com\/wp-content\/uploads\/2026\/01\/22Mayo2013_EspiralesTrazosyMetafora.pdf\u00bb target=\u00bbyes\u00bb]<\/p>\n<h5>22 de Mayo del 2013<\/h5>\n<h4>Susana Gonz\u00e1lez- Revilla: Espirales, trazos y met\u00e1foras.<\/h4>\n<p>[\/whizz_custom_text_block][\/vc_column][vc_column width=\u00bb1\/4&#8243; mobile_mt=\u00bbmargin-xs-25t\u00bb mobile_mb=\u00bbmargin-xs-25b\u00bb][\/vc_column][vc_column width=\u00bb1\/4&#8243; mobile_mt=\u00bbmargin-xs-25t\u00bb mobile_mb=\u00bbmargin-xs-25b\u00bb][\/vc_column][\/vc_row][vc_row][vc_column][vc_empty_space height=\u00bb100&#8243;][\/vc_column][\/vc_row]<\/p>\n<\/div>","protected":false},"excerpt":{"rendered":"<p>[vc_row][vc_column][vc_empty_space height=\u00bb50px\u00bb][\/vc_column][\/vc_row][vc_row kswr_row_top_decor_enabled=\u00bbfalse\u00bb kswr_row_bottom_decor_enabled=\u00bbfalse\u00bb][vc_column width=\u00bb1\/4&#8243;][vc_separator][whizz_custom_text_block style=\u00bbstyle2&#8243; position=\u00bbtext-left\u00bb size=\u00bbh4&#8243; btn_text=\u00bbVer Video\u00bb btn_url=\u00bbhttps:\/\/susanagonzalezrevilla.com\/wp-content\/uploads\/2026\/01\/Video-2025-12-02-At-10.23.53-Am-2.mp4&#8243; target=\u00bbyes\u00bb] 2 de Diciembre del 2025 Susana Gonz\u00e1lez, Exposiciones a nivel Internacional [\/whizz_custom_text_block][\/vc_column][vc_column width=\u00bb1\/4&#8243; mobile_mt=\u00bbmargin-xs-25t\u00bb mobile_mb=\u00bbmargin-xs-25b\u00bb][vc_separator][whizz_custom_text_block style=\u00bbstyle2&#8243; position=\u00bbtext-left\u00bb size=\u00bbh4&#8243; btn_text=\u00bbVer Art\u00edculo\u00bb btn_url=\u00bbhttps:\/\/susanagonzalezrevilla.com\/wp-content\/uploads\/2026\/01\/06Noviembre2025_LaEstrelladePanama_UnaOdaArtistica.pdf\u00bb target=\u00bbyes\u00bb] 6 de Noviembre del 2025 Una oda art\u00edstica a la autoaceptaci\u00f3n [\/whizz_custom_text_block][\/vc_column][vc_column width=\u00bb1\/4&#8243; mobile_mt=\u00bbmargin-xs-25t\u00bb mobile_mb=\u00bbmargin-xs-25b\u00bb][vc_separator][whizz_custom_text_block style=\u00bbstyle2&#8243; position=\u00bbtext-left\u00bb size=\u00bbh4&#8243; btn_text=\u00bbVer art\u00edculo\u00bb btn_url=\u00bbhttps:\/\/susanagonzalezrevilla.com\/wp-content\/uploads\/2026\/01\/Octubre2025_Artcronica_ExpoNewYork.pdf\u00bb &#8230;<\/p>\n","protected":false},"author":1,"featured_media":0,"parent":0,"menu_order":0,"comment_status":"closed","ping_status":"closed","template":"","meta":{"footnotes":""},"class_list":["post-7075","page","type-page","status-publish","hentry"],"featured_image_src":null,"featured_image_src_square":null,"_links":{"self":[{"href":"https:\/\/susanagonzalezrevilla.com\/es\/wp-json\/wp\/v2\/pages\/7075","targetHints":{"allow":["GET"]}}],"collection":[{"href":"https:\/\/susanagonzalezrevilla.com\/es\/wp-json\/wp\/v2\/pages"}],"about":[{"href":"https:\/\/susanagonzalezrevilla.com\/es\/wp-json\/wp\/v2\/types\/page"}],"author":[{"embeddable":true,"href":"https:\/\/susanagonzalezrevilla.com\/es\/wp-json\/wp\/v2\/users\/1"}],"replies":[{"embeddable":true,"href":"https:\/\/susanagonzalezrevilla.com\/es\/wp-json\/wp\/v2\/comments?post=7075"}],"version-history":[{"count":148,"href":"https:\/\/susanagonzalezrevilla.com\/es\/wp-json\/wp\/v2\/pages\/7075\/revisions"}],"predecessor-version":[{"id":10557,"href":"https:\/\/susanagonzalezrevilla.com\/es\/wp-json\/wp\/v2\/pages\/7075\/revisions\/10557"}],"wp:attachment":[{"href":"https:\/\/susanagonzalezrevilla.com\/es\/wp-json\/wp\/v2\/media?parent=7075"}],"curies":[{"name":"wp","href":"https:\/\/api.w.org\/{rel}","templated":true}]}}