{"id":9895,"date":"2022-11-14T15:20:18","date_gmt":"2022-11-14T15:20:18","guid":{"rendered":"https:\/\/susanagonzalezrevilla.com\/?page_id=9895"},"modified":"2025-07-18T18:04:50","modified_gmt":"2025-07-18T18:04:50","slug":"english-yo-me-amo","status":"publish","type":"page","link":"https:\/\/susanagonzalezrevilla.com\/es\/","title":{"rendered":"Yo me amo"},"content":{"rendered":"<div class=\"wpb-content-wrapper\"><p>[vc_row kswr_row_top_decor_enabled=\u00bbfalse\u00bb kswr_row_bottom_decor_enabled=\u00bbfalse\u00bb][vc_column][vc_empty_space][whizz_custom_text_block position=\u00bbtext-center\u00bb title=\u00bbYo me amo\u00bb]La Campa\u00f1a YO ME AMO llega a M\u00e9xico y su propuesta es generar amor propio, prosperidad y abundancia.[\/whizz_custom_text_block][\/vc_column][\/vc_row][vc_row equal_height=\u00bbyes\u00bb kswr_row_top_decor_enabled=\u00bbfalse\u00bb kswr_row_bottom_decor_enabled=\u00bbfalse\u00bb][vc_column width=\u00bb2\/3&#8243; mobile_mb=\u00bbmargin-xs-20b\u00bb offset=\u00bbvc_col-lg-5 vc_col-md-6 vc_col-sm-offset-0 vc_col-xs-offset-1 vc_col-xs-10&#8243; css=\u00bb.vc_custom_1585265203764{margin-bottom: 0px !important;}\u00bb][whizz_custom_text_block]<script data-cfasync=\"false\" type=\"text\/javascript\">var lsjQuery = jQuery;<\/script><script data-cfasync=\"false\" type=\"text\/javascript\">\r\nlsjQuery(document).ready(function() {\r\nif(typeof lsjQuery.fn.layerSlider == \"undefined\") { lsShowNotice('layerslider_2','jquery'); }\r\nelse {\r\nlsjQuery(\"#layerslider_2\").layerSlider({hoverPrevNext: false, navStartStop: false, navButtons: false, showCircleTimer: false, autoPlayVideos: false, imgPreload: false, lazyLoad: false, skinsPath: 'https:\/\/susanagonzalezrevilla.com\/wp-content\/plugins\/LayerSlider\/static\/skins\/'})\r\n}\r\n});\r\n<\/script><div id=\"layerslider_2\" class=\"ls-wp-container\" style=\"width:1024px;height:1280px;margin:0 auto;margin-bottom: 0px;\"><div class=\"ls-slide\" data-ls=\"transition2d:5;\"><img decoding=\"async\" src=\"https:\/\/susanagonzalezrevilla.com\/wp-content\/uploads\/2022\/11\/CARTEL_2-01-1_.jpg\" class=\"ls-bg\" alt=\"CARTEL_2-01 (1)_\" \/><\/div><div class=\"ls-slide\" data-ls=\"transition2d:5;\"><img decoding=\"async\" src=\"https:\/\/susanagonzalezrevilla.com\/wp-content\/uploads\/2022\/11\/YO_ME_AMO_METRO_.jpg\" class=\"ls-bg\" alt=\"YO_ME_AMO_METRO_\" \/><\/div><div class=\"ls-slide\" data-ls=\"transition2d:5;\"><img decoding=\"async\" src=\"https:\/\/susanagonzalezrevilla.com\/wp-content\/uploads\/2022\/11\/IMG_3592_.jpg\" class=\"ls-bg\" alt=\"IMG_3592_\" \/><\/div><div class=\"ls-slide\" data-ls=\"transition2d:5;\"><img decoding=\"async\" src=\"https:\/\/susanagonzalezrevilla.com\/wp-content\/uploads\/2022\/11\/IMG_2446_.jpg\" class=\"ls-bg\" alt=\"IMG_2446_\" \/><\/div><div class=\"ls-slide\" data-ls=\"transition2d:5;\"><img decoding=\"async\" src=\"https:\/\/susanagonzalezrevilla.com\/wp-content\/uploads\/2022\/11\/IMG_2393_.jpg\" class=\"ls-bg\" alt=\"IMG_2393_\" \/><\/div><\/div>[\/whizz_custom_text_block][\/vc_column][vc_column width=\u00bb1\/3&#8243; mobile_mt=\u00bbmargin-xs-25t\u00bb mobile_mb=\u00bbmargin-xs-25b\u00bb offset=\u00bbvc_col-lg-7 vc_col-md-6 vc_col-xs-12&#8243;][whizz_custom_text_block]<\/p>\n<p style=\"text-align: justify;\">Esta propuesta art\u00edstica, presentada a manera de campa\u00f1a, busca generar amor propio y prosperidad en quien la observa. Se trata de atraer abundancia y fomentar la autoestima. El deseo de mejorar y lograr un buen nivel de vida es lo que nos comparte la artista paname\u00f1a Susana Gonz\u00e1lez-Revilla.<\/p>\n<p style=\"text-align: justify;\">En sus obras, ella se apropia de objetos reconocibles para darles un nuevo significado. En este caso, la artista ha tomado un elemento completamente representativo del capitalismo para transformarlo en un sin\u00f3nimo de abundancia. Seg\u00fan la f\u00edsica cu\u00e1ntica, los pensamientos son energ\u00eda y, seg\u00fan la ley de atracci\u00f3n, ver y pensar algo todos los d\u00edas, promueve que esta cualidad o elemento sea atra\u00eddo a nuestras vidas.<\/p>\n<p style=\"text-align: justify;\">Al exponer los letreros de Yo Me Amo escritos en billetes de 100 d\u00f3lares, la artista propone atraer la prosperidad y el amor propio a la vida del mayor n\u00famero posible de personas.<\/p>\n<p>[\/whizz_custom_text_block][\/vc_column][\/vc_row][vc_row full_width=\u00bbstretch_row\u00bb][vc_column width=\u00bb1\/2&#8243;][vc_single_image image=\u00bb9921&#8243; img_size=\u00bblarge\u00bb alignment=\u00bbcenter\u00bb style=\u00bbvc_box_shadow_3d\u00bb][\/vc_column][vc_column width=\u00bb1\/2&#8243;][vc_single_image image=\u00bb9924&#8243; img_size=\u00bblarge\u00bb alignment=\u00bbcenter\u00bb style=\u00bbvc_box_shadow_3d\u00bb][\/vc_column][\/vc_row][vc_row][vc_column][vc_media_grid gap=\u00bb10&#8243; css=\u00bb\u00bb grid_id=\u00bbvc_gid:1752861869725-38d970dd-7ec9-6&#8243; include=\u00bb9947,9937,9936,9935,9934,9933,9931,9940,9939&#8243;][\/vc_column][\/vc_row][vc_row][vc_column][whizz_custom_text_block position=\u00bbtext-center\u00bb title=\u00bbApr\u00f3piate de la imagen y ponla en un lugar donde la veas todos los d\u00edas!\u00bb][\/whizz_custom_text_block][\/vc_column][\/vc_row][vc_row kswr_row_top_decor_enabled=\u00bbfalse\u00bb kswr_row_bottom_decor_enabled=\u00bbfalse\u00bb][vc_column width=\u00bb1\/2&#8243;][vc_single_image image=\u00bb9942&#8243; img_size=\u00bblarge\u00bb alignment=\u00bbcenter\u00bb][\/vc_column][vc_column width=\u00bb1\/2&#8243;][vc_single_image image=\u00bb9943&#8243; img_size=\u00bblarge\u00bb alignment=\u00bbcenter\u00bb][\/vc_column][\/vc_row][vc_row][vc_column][whizz_custom_text_block title=\u00bbCharla con Susana Gonz\u00e1lez, artista visual\u00bb][\/whizz_custom_text_block][vc_video link=\u00bbhttps:\/\/youtu.be\/MQjSjmqItKI\u00bb align=\u00bbcenter\u00bb][\/vc_column][\/vc_row][vc_row][vc_column width=\u00bb1\/2&#8243;][whizz_custom_text_block title=\u00bbEntrevista a la artista Susana G\u00f3nzalez-Revilla\u00bb btn_text=\u00bbArt\u00edculo Completo\u00bb btn_url=\u00bbhttps:\/\/obrasdeartecomentadas.com\/2022\/12\/13\/entrevista-a-la-artista-susana-gonzalez-revilla\/?amp=1&#8243; target=\u00bbyes\u00bb]<\/p>\n<p style=\"text-align: justify;\">Con motivo de su visita en M\u00e9xico para presentar las obras La Iglesia del Amor y Yo Me Amo, hablamos con la artista paname\u00f1a\u00a0Susana Gonz\u00e1lez Revilla.<\/p>\n<p style=\"text-align: justify;\">ODAC: La Iglesia del Amor propio es un performance que se realiza en la v\u00eda p\u00fablica. En el caso de M\u00e9xico, sucedi\u00f3 en estaciones de metro. A diferencia de una acci\u00f3n realizada en un museo, en la que la audiencia sabe que va a ver una obra de arte y est\u00e1 predispuesta a recibirla, en el espacio p\u00fablico no es as\u00ed.<br \/>\n&#8230;<\/p>\n<p>[\/whizz_custom_text_block][\/vc_column][vc_column width=\u00bb1\/2&#8243;][vc_single_image image=\u00bb9962&#8243; img_size=\u00bblarge\u00bb css=\u00bb\u00bb][\/vc_column][\/vc_row][vc_row][vc_column][vc_empty_space][\/vc_column][\/vc_row]<\/p>\n<\/div>","protected":false},"excerpt":{"rendered":"<p>[vc_row kswr_row_top_decor_enabled=\u00bbfalse\u00bb kswr_row_bottom_decor_enabled=\u00bbfalse\u00bb][vc_column][vc_empty_space][whizz_custom_text_block position=\u00bbtext-center\u00bb title=\u00bbYo me amo\u00bb]La Campa\u00f1a YO ME AMO llega a M\u00e9xico y su propuesta es generar amor propio, prosperidad y abundancia.[\/whizz_custom_text_block][\/vc_column][\/vc_row][vc_row equal_height=\u00bbyes\u00bb kswr_row_top_decor_enabled=\u00bbfalse\u00bb kswr_row_bottom_decor_enabled=\u00bbfalse\u00bb][vc_column width=\u00bb2\/3&#8243; mobile_mb=\u00bbmargin-xs-20b\u00bb offset=\u00bbvc_col-lg-5 vc_col-md-6 vc_col-sm-offset-0 vc_col-xs-offset-1 vc_col-xs-10&#8243; css=\u00bb.vc_custom_1585265203764{margin-bottom: 0px !important;}\u00bb][whizz_custom_text_block][\/whizz_custom_text_block][\/vc_column][vc_column width=\u00bb1\/3&#8243; mobile_mt=\u00bbmargin-xs-25t\u00bb mobile_mb=\u00bbmargin-xs-25b\u00bb offset=\u00bbvc_col-lg-7 vc_col-md-6 vc_col-xs-12&#8243;][whizz_custom_text_block] Esta propuesta art\u00edstica, presentada a manera de campa\u00f1a, busca generar amor propio &#8230;<\/p>\n","protected":false},"author":2,"featured_media":0,"parent":0,"menu_order":0,"comment_status":"closed","ping_status":"closed","template":"","meta":{"footnotes":""},"class_list":["post-9895","page","type-page","status-publish","hentry"],"featured_image_src":null,"featured_image_src_square":null,"_links":{"self":[{"href":"https:\/\/susanagonzalezrevilla.com\/es\/wp-json\/wp\/v2\/pages\/9895","targetHints":{"allow":["GET"]}}],"collection":[{"href":"https:\/\/susanagonzalezrevilla.com\/es\/wp-json\/wp\/v2\/pages"}],"about":[{"href":"https:\/\/susanagonzalezrevilla.com\/es\/wp-json\/wp\/v2\/types\/page"}],"author":[{"embeddable":true,"href":"https:\/\/susanagonzalezrevilla.com\/es\/wp-json\/wp\/v2\/users\/2"}],"replies":[{"embeddable":true,"href":"https:\/\/susanagonzalezrevilla.com\/es\/wp-json\/wp\/v2\/comments?post=9895"}],"version-history":[{"count":147,"href":"https:\/\/susanagonzalezrevilla.com\/es\/wp-json\/wp\/v2\/pages\/9895\/revisions"}],"predecessor-version":[{"id":10347,"href":"https:\/\/susanagonzalezrevilla.com\/es\/wp-json\/wp\/v2\/pages\/9895\/revisions\/10347"}],"wp:attachment":[{"href":"https:\/\/susanagonzalezrevilla.com\/es\/wp-json\/wp\/v2\/media?parent=9895"}],"curies":[{"name":"wp","href":"https:\/\/api.w.org\/{rel}","templated":true}]}}